{"id":1267,"date":"2025-01-24T03:44:31","date_gmt":"2025-01-24T03:44:31","guid":{"rendered":"https:\/\/www.midem-drustvo.si\/?page_id=1267"},"modified":"2025-02-05T20:35:24","modified_gmt":"2025-02-05T20:35:24","slug":"single-issue","status":"publish","type":"page","link":"https:\/\/www.midem-drustvo.si\/sl\/issues\/single-issue\/","title":{"rendered":"Single Issue"},"content":{"rendered":"<div data-elementor-type=\"wp-page\" data-elementor-id=\"1267\" class=\"elementor elementor-1267\" data-elementor-post-type=\"page\">\n\t\t\t\t<div class=\"elementor-element elementor-element-d4da994 e-flex e-con-boxed e-con e-parent\" data-id=\"d4da994\" data-element_type=\"container\" data-settings=\"{&quot;background_background&quot;:&quot;classic&quot;}\">\n\t\t\t\t\t<div class=\"e-con-inner\">\n\t\t<div class=\"elementor-element elementor-element-75606d2 e-con-full e-flex e-con e-child\" data-id=\"75606d2\" data-element_type=\"container\">\n\t\t\t\t<div class=\"elementor-element elementor-element-7562d1a elementor-view-default elementor-widget elementor-widget-icon\" data-id=\"7562d1a\" data-element_type=\"widget\" data-widget_type=\"icon.default\">\n\t\t\t\t<div class=\"elementor-widget-container\">\n\t\t\t\t\t\t\t<div class=\"elementor-icon-wrapper\">\n\t\t\t<div class=\"elementor-icon\">\n\t\t\t<svg aria-hidden=\"true\" class=\"e-font-icon-svg e-fas-home\" viewbox=\"0 0 576 512\" xmlns=\"http:\/\/www.w3.org\/2000\/svg\"><path d=\"M280.37 148.26L96 300.11V464a16 16 0 0 0 16 16l112.06-.29a16 16 0 0 0 15.92-16V368a16 16 0 0 1 16-16h64a16 16 0 0 1 16 16v95.64a16 16 0 0 0 16 16.05L464 480a16 16 0 0 0 16-16V300L295.67 148.26a12.19 12.19 0 0 0-15.3 0zM571.6 251.47L488 182.56V44.05a12 12 0 0 0-12-12h-56a12 12 0 0 0-12 12v72.61L318.47 43a48 48 0 0 0-61 0L4.34 251.47a12 12 0 0 0-1.6 16.9l25.5 31A12 12 0 0 0 45.15 301l235.22-193.74a12.19 12.19 0 0 1 15.3 0L530.9 301a12 12 0 0 0 16.9-1.6l25.5-31a12 12 0 0 0-1.7-16.93z\"><\/path><\/svg>\t\t\t<\/div>\n\t\t<\/div>\n\t\t\t\t\t\t<\/div>\n\t\t\t\t<\/div>\n\t\t\t\t<div class=\"elementor-element elementor-element-0316460 elementor-widget elementor-widget-breadcrumbs\" data-id=\"0316460\" data-element_type=\"widget\" data-widget_type=\"breadcrumbs.default\">\n\t\t\t\t<div class=\"elementor-widget-container\">\n\t\t\t\t\t<p id=\"breadcrumbs\"><span><span><a href=\"https:\/\/www.midem-drustvo.si\/sl\/\">MIDEM<\/a><\/span><\/span><\/p>\t\t\t\t<\/div>\n\t\t\t\t<\/div>\n\t\t\t\t<\/div>\n\t\t<div class=\"elementor-element elementor-element-31070e8 e-con-full e-flex e-con e-child\" data-id=\"31070e8\" data-element_type=\"container\">\n\t\t<div class=\"elementor-element elementor-element-dd08cbd e-con-full e-flex e-con e-child\" data-id=\"dd08cbd\" data-element_type=\"container\">\n\t\t\t\t<div class=\"elementor-element elementor-element-ccc98a4 elementor-widget elementor-widget-heading\" data-id=\"ccc98a4\" data-element_type=\"widget\" data-widget_type=\"heading.default\">\n\t\t\t\t<div class=\"elementor-widget-container\">\n\t\t\t\t\t<h2 class=\"elementor-heading-title elementor-size-default\">MIDEM REVIJA<\/h2>\t\t\t\t<\/div>\n\t\t\t\t<\/div>\n\t\t\t\t<div class=\"elementor-element elementor-element-2f16887 elementor-widget elementor-widget-heading\" data-id=\"2f16887\" data-element_type=\"widget\" data-widget_type=\"heading.default\">\n\t\t\t\t<div class=\"elementor-widget-container\">\n\t\t\t\t\t<h2 class=\"elementor-heading-title elementor-size-default\">Informacije MIDEM Vol. 54, \u0160t 3<\/h2>\t\t\t\t<\/div>\n\t\t\t\t<\/div>\n\t\t\t\t<div class=\"elementor-element elementor-element-8bff6cd elementor-widget elementor-widget-heading\" data-id=\"8bff6cd\" data-element_type=\"widget\" data-widget_type=\"heading.default\">\n\t\t\t\t<div class=\"elementor-widget-container\">\n\t\t\t\t\t<p class=\"elementor-heading-title elementor-size-default\">September 2024<br>ISSN 0352-9045<\/p>\t\t\t\t<\/div>\n\t\t\t\t<\/div>\n\t\t\t\t<\/div>\n\t\t<div class=\"elementor-element elementor-element-71a7bba e-con-full e-flex e-con e-child\" data-id=\"71a7bba\" data-element_type=\"container\">\n\t\t\t\t<div class=\"elementor-element elementor-element-15389dd elementor-widget elementor-widget-image\" data-id=\"15389dd\" data-element_type=\"widget\" data-widget_type=\"image.default\">\n\t\t\t\t<div class=\"elementor-widget-container\">\n\t\t\t\t\t\t\t\t\t\t\t\t\t\t\t<img decoding=\"async\" src=\"https:\/\/www.midem-drustvo.si\/wp-content\/uploads\/2025\/01\/image-6.png\" title=\"\" alt=\"\" loading=\"lazy\" \/>\t\t\t\t\t\t\t\t\t\t\t\t\t\t\t<\/div>\n\t\t\t\t<\/div>\n\t\t\t\t<\/div>\n\t\t\t\t<\/div>\n\t\t\t\t\t<\/div>\n\t\t\t\t<\/div>\n\t\t<div class=\"elementor-element elementor-element-fc914a7 e-flex e-con-boxed e-con e-parent\" data-id=\"fc914a7\" data-element_type=\"container\" data-settings=\"{&quot;background_background&quot;:&quot;classic&quot;}\">\n\t\t\t\t\t<div class=\"e-con-inner\">\n\t\t\t\t<div class=\"elementor-element elementor-element-e6cffae elementor-widget elementor-widget-heading\" data-id=\"e6cffae\" data-element_type=\"widget\" data-widget_type=\"heading.default\">\n\t\t\t\t<div class=\"elementor-widget-container\">\n\t\t\t\t\t<h2 class=\"elementor-heading-title elementor-size-default\">\u010clanki<\/h2>\t\t\t\t<\/div>\n\t\t\t\t<\/div>\n\t\t<div class=\"elementor-element elementor-element-38935ad e-con-full e-flex e-con e-child\" data-id=\"38935ad\" data-element_type=\"container\" data-settings=\"{&quot;background_background&quot;:&quot;classic&quot;}\">\n\t\t\t\t<div class=\"elementor-element elementor-element-778d1d8 elementor-widget elementor-widget-heading\" data-id=\"778d1d8\" data-element_type=\"widget\" data-widget_type=\"heading.default\">\n\t\t\t\t<div class=\"elementor-widget-container\">\n\t\t\t\t\t<h2 class=\"elementor-heading-title elementor-size-default\">M. B. Far, M. A. Ormanci, F. Kacar<\/h2>\t\t\t\t<\/div>\n\t\t\t\t<\/div>\n\t\t\t\t<div class=\"elementor-element elementor-element-40a1797 elementor-widget elementor-widget-heading\" data-id=\"40a1797\" data-element_type=\"widget\" data-widget_type=\"heading.default\">\n\t\t\t\t<div class=\"elementor-widget-container\">\n\t\t\t\t\t<h2 class=\"elementor-heading-title elementor-size-default\">Na\u010drtovanje in optimizacija ve\u010dkanalnega dvojnega dinami\u010dnega preklopnega opti\u010dnega oja\u010devalnika za stikalni kondenzatorski integrator z uporabo tehnologije FinFET<\/h2>\t\t\t\t<\/div>\n\t\t\t\t<\/div>\n\t\t\t\t<div class=\"elementor-element elementor-element-d8f689d elementor-widget elementor-widget-button\" data-id=\"d8f689d\" data-element_type=\"widget\" data-widget_type=\"button.default\">\n\t\t\t\t<div class=\"elementor-widget-container\">\n\t\t\t\t\t\t\t\t\t<div class=\"elementor-button-wrapper\">\n\t\t\t\t\t<a class=\"elementor-button elementor-button-link elementor-size-sm\" href=\"#\">\n\t\t\t\t\t\t<span class=\"elementor-button-content-wrapper\">\n\t\t\t\t\t\t\t\t\t<span class=\"elementor-button-text\">Preberi celoten \u010dlanek<\/span>\n\t\t\t\t\t<\/span>\n\t\t\t\t\t<\/a>\n\t\t\t\t<\/div>\n\t\t\t\t\t\t\t\t<\/div>\n\t\t\t\t<\/div>\n\t\t\t\t<\/div>\n\t\t<div class=\"elementor-element elementor-element-4d4b0ba e-con-full e-flex e-con e-child\" data-id=\"4d4b0ba\" data-element_type=\"container\" data-settings=\"{&quot;background_background&quot;:&quot;classic&quot;}\">\n\t\t\t\t<div class=\"elementor-element elementor-element-8e51bcd elementor-widget elementor-widget-heading\" data-id=\"8e51bcd\" data-element_type=\"widget\" data-widget_type=\"heading.default\">\n\t\t\t\t<div class=\"elementor-widget-container\">\n\t\t\t\t\t<h2 class=\"elementor-heading-title elementor-size-default\">Authors\u2019 names and titles go here...<\/h2>\t\t\t\t<\/div>\n\t\t\t\t<\/div>\n\t\t\t\t<div class=\"elementor-element elementor-element-e8043f9 elementor-widget elementor-widget-heading\" data-id=\"e8043f9\" data-element_type=\"widget\" data-widget_type=\"heading.default\">\n\t\t\t\t<div class=\"elementor-widget-container\">\n\t\t\t\t\t<h2 class=\"elementor-heading-title elementor-size-default\">The full title of the article goes here<\/h2>\t\t\t\t<\/div>\n\t\t\t\t<\/div>\n\t\t\t\t<div class=\"elementor-element elementor-element-2750348 elementor-widget elementor-widget-button\" data-id=\"2750348\" data-element_type=\"widget\" data-widget_type=\"button.default\">\n\t\t\t\t<div class=\"elementor-widget-container\">\n\t\t\t\t\t\t\t\t\t<div class=\"elementor-button-wrapper\">\n\t\t\t\t\t<a class=\"elementor-button elementor-button-link elementor-size-sm\" href=\"#\">\n\t\t\t\t\t\t<span class=\"elementor-button-content-wrapper\">\n\t\t\t\t\t\t\t\t\t<span class=\"elementor-button-text\">Preberi celoten \u010dlanek<\/span>\n\t\t\t\t\t<\/span>\n\t\t\t\t\t<\/a>\n\t\t\t\t<\/div>\n\t\t\t\t\t\t\t\t<\/div>\n\t\t\t\t<\/div>\n\t\t\t\t<\/div>\n\t\t<div class=\"elementor-element elementor-element-00ef179 e-con-full e-flex e-con e-child\" data-id=\"00ef179\" data-element_type=\"container\" data-settings=\"{&quot;background_background&quot;:&quot;classic&quot;}\">\n\t\t\t\t<div class=\"elementor-element elementor-element-f75ca8d elementor-widget elementor-widget-heading\" data-id=\"f75ca8d\" data-element_type=\"widget\" data-widget_type=\"heading.default\">\n\t\t\t\t<div class=\"elementor-widget-container\">\n\t\t\t\t\t<h2 class=\"elementor-heading-title elementor-size-default\">Authors\u2019 names and titles go here...<\/h2>\t\t\t\t<\/div>\n\t\t\t\t<\/div>\n\t\t\t\t<div class=\"elementor-element elementor-element-d702e77 elementor-widget elementor-widget-heading\" data-id=\"d702e77\" data-element_type=\"widget\" data-widget_type=\"heading.default\">\n\t\t\t\t<div class=\"elementor-widget-container\">\n\t\t\t\t\t<h2 class=\"elementor-heading-title elementor-size-default\">The full title of the article goes here<\/h2>\t\t\t\t<\/div>\n\t\t\t\t<\/div>\n\t\t\t\t<div class=\"elementor-element elementor-element-b845e53 elementor-widget elementor-widget-button\" data-id=\"b845e53\" data-element_type=\"widget\" data-widget_type=\"button.default\">\n\t\t\t\t<div class=\"elementor-widget-container\">\n\t\t\t\t\t\t\t\t\t<div class=\"elementor-button-wrapper\">\n\t\t\t\t\t<a class=\"elementor-button elementor-button-link elementor-size-sm\" href=\"#\">\n\t\t\t\t\t\t<span class=\"elementor-button-content-wrapper\">\n\t\t\t\t\t\t\t\t\t<span class=\"elementor-button-text\">Preberi celoten \u010dlanek<\/span>\n\t\t\t\t\t<\/span>\n\t\t\t\t\t<\/a>\n\t\t\t\t<\/div>\n\t\t\t\t\t\t\t\t<\/div>\n\t\t\t\t<\/div>\n\t\t\t\t<\/div>\n\t\t<div class=\"elementor-element elementor-element-99d8e5e e-con-full e-flex e-con e-child\" data-id=\"99d8e5e\" data-element_type=\"container\" data-settings=\"{&quot;background_background&quot;:&quot;classic&quot;}\">\n\t\t\t\t<div class=\"elementor-element elementor-element-f6da7dc elementor-widget elementor-widget-heading\" data-id=\"f6da7dc\" data-element_type=\"widget\" data-widget_type=\"heading.default\">\n\t\t\t\t<div class=\"elementor-widget-container\">\n\t\t\t\t\t<h2 class=\"elementor-heading-title elementor-size-default\">Authors\u2019 names and titles go here...<\/h2>\t\t\t\t<\/div>\n\t\t\t\t<\/div>\n\t\t\t\t<div class=\"elementor-element elementor-element-7b3cd40 elementor-widget elementor-widget-heading\" data-id=\"7b3cd40\" data-element_type=\"widget\" data-widget_type=\"heading.default\">\n\t\t\t\t<div class=\"elementor-widget-container\">\n\t\t\t\t\t<h2 class=\"elementor-heading-title elementor-size-default\">The full title of the article goes here<\/h2>\t\t\t\t<\/div>\n\t\t\t\t<\/div>\n\t\t\t\t<div class=\"elementor-element elementor-element-6f7079c elementor-widget elementor-widget-button\" data-id=\"6f7079c\" data-element_type=\"widget\" data-widget_type=\"button.default\">\n\t\t\t\t<div class=\"elementor-widget-container\">\n\t\t\t\t\t\t\t\t\t<div class=\"elementor-button-wrapper\">\n\t\t\t\t\t<a class=\"elementor-button elementor-button-link elementor-size-sm\" href=\"#\">\n\t\t\t\t\t\t<span class=\"elementor-button-content-wrapper\">\n\t\t\t\t\t\t\t\t\t<span class=\"elementor-button-text\">Preberi celoten \u010dlanek<\/span>\n\t\t\t\t\t<\/span>\n\t\t\t\t\t<\/a>\n\t\t\t\t<\/div>\n\t\t\t\t\t\t\t\t<\/div>\n\t\t\t\t<\/div>\n\t\t\t\t<\/div>\n\t\t\t\t\t<\/div>\n\t\t\t\t<\/div>\n\t\t\t\t<\/div>","protected":false},"excerpt":{"rendered":"<p>&nbsp; MIDEM JOURNAL Informacije MIDEM \u2028Vol. 54, No. 3 September 2024 ISSN 0352-9045 Articles M. B. Far, M. A. Ormanci, [&hellip;]<\/p>","protected":false},"author":1,"featured_media":0,"parent":196,"menu_order":0,"comment_status":"closed","ping_status":"closed","template":"elementor_header_footer","meta":{"site-sidebar-layout":"no-sidebar","site-content-layout":"","ast-site-content-layout":"full-width-container","site-content-style":"default","site-sidebar-style":"default","ast-global-header-display":"","ast-banner-title-visibility":"","ast-main-header-display":"","ast-hfb-above-header-display":"","ast-hfb-below-header-display":"","ast-hfb-mobile-header-display":"","site-post-title":"disabled","ast-breadcrumbs-content":"","ast-featured-img":"disabled","footer-sml-layout":"","theme-transparent-header-meta":"default","adv-header-id-meta":"","stick-header-meta":"","header-above-stick-meta":"","header-main-stick-meta":"","header-below-stick-meta":"","astra-migrate-meta-layouts":"set","ast-page-background-enabled":"default","ast-page-background-meta":{"desktop":{"background-color":"var(--ast-global-color-4)","background-image":"","background-repeat":"repeat","background-position":"center center","background-size":"auto","background-attachment":"scroll","background-type":"","background-media":"","overlay-type":"","overlay-color":"","overlay-opacity":"","overlay-gradient":""},"tablet":{"background-color":"","background-image":"","background-repeat":"repeat","background-position":"center center","background-size":"auto","background-attachment":"scroll","background-type":"","background-media":"","overlay-type":"","overlay-color":"","overlay-opacity":"","overlay-gradient":""},"mobile":{"background-color":"","background-image":"","background-repeat":"repeat","background-position":"center center","background-size":"auto","background-attachment":"scroll","background-type":"","background-media":"","overlay-type":"","overlay-color":"","overlay-opacity":"","overlay-gradient":""}},"ast-content-background-meta":{"desktop":{"background-color":"var(--ast-global-color-5)","background-image":"","background-repeat":"repeat","background-position":"center center","background-size":"auto","background-attachment":"scroll","background-type":"","background-media":"","overlay-type":"","overlay-color":"","overlay-opacity":"","overlay-gradient":""},"tablet":{"background-color":"var(--ast-global-color-5)","background-image":"","background-repeat":"repeat","background-position":"center center","background-size":"auto","background-attachment":"scroll","background-type":"","background-media":"","overlay-type":"","overlay-color":"","overlay-opacity":"","overlay-gradient":""},"mobile":{"background-color":"var(--ast-global-color-5)","background-image":"","background-repeat":"repeat","background-position":"center center","background-size":"auto","background-attachment":"scroll","background-type":"","background-media":"","overlay-type":"","overlay-color":"","overlay-opacity":"","overlay-gradient":""}},"footnotes":""},"categories":[],"tags":[],"class_list":["post-1267","page","type-page","status-publish","hentry"],"yoast_head":"<!-- This site is optimized with the Yoast SEO plugin v24.2 - https:\/\/yoast.com\/wordpress\/plugins\/seo\/ -->\n<title>Single Issue - Midem<\/title>\n<meta name=\"robots\" content=\"index, follow, max-snippet:-1, max-image-preview:large, max-video-preview:-1\" \/>\n<link rel=\"canonical\" href=\"https:\/\/www.midem-drustvo.si\/sl\/issues\/single-issue\/\" \/>\n<meta property=\"og:locale\" content=\"sl_SI\" \/>\n<meta property=\"og:type\" content=\"article\" \/>\n<meta property=\"og:title\" content=\"Single Issue - Midem\" \/>\n<meta property=\"og:description\" content=\"&nbsp; MIDEM JOURNAL Informacije MIDEM \u2028Vol. 54, No. 3 September 2024 ISSN 0352-9045 Articles M. B. Far, M. A. Ormanci, [&hellip;]\" \/>\n<meta property=\"og:url\" content=\"https:\/\/www.midem-drustvo.si\/sl\/issues\/single-issue\/\" \/>\n<meta property=\"og:site_name\" content=\"Midem\" \/>\n<meta property=\"article:modified_time\" content=\"2025-02-05T20:35:24+00:00\" \/>\n<meta property=\"og:image\" content=\"https:\/\/www.midem-drustvo.si\/wp-content\/uploads\/2025\/01\/image-6.png\" \/>\n<meta name=\"twitter:card\" content=\"summary_large_image\" \/>\n<meta name=\"twitter:label1\" content=\"Est. reading time\" \/>\n\t<meta name=\"twitter:data1\" content=\"1 minuta\" \/>\n<script type=\"application\/ld+json\" class=\"yoast-schema-graph\">{\"@context\":\"https:\/\/schema.org\",\"@graph\":[{\"@type\":\"WebPage\",\"@id\":\"https:\/\/www.midem-drustvo.si\/issues\/single-issue\/\",\"url\":\"https:\/\/www.midem-drustvo.si\/issues\/single-issue\/\",\"name\":\"Single Issue - Midem\",\"isPartOf\":{\"@id\":\"https:\/\/www.midem-drustvo.si\/#website\"},\"primaryImageOfPage\":{\"@id\":\"https:\/\/www.midem-drustvo.si\/issues\/single-issue\/#primaryimage\"},\"image\":{\"@id\":\"https:\/\/www.midem-drustvo.si\/issues\/single-issue\/#primaryimage\"},\"thumbnailUrl\":\"https:\/\/www.midem-drustvo.si\/wp-content\/uploads\/2025\/01\/image-6.png\",\"datePublished\":\"2025-01-24T03:44:31+00:00\",\"dateModified\":\"2025-02-05T20:35:24+00:00\",\"breadcrumb\":{\"@id\":\"https:\/\/www.midem-drustvo.si\/issues\/single-issue\/#breadcrumb\"},\"inLanguage\":\"sl-SI\",\"potentialAction\":[{\"@type\":\"ReadAction\",\"target\":[\"https:\/\/www.midem-drustvo.si\/issues\/single-issue\/\"]}]},{\"@type\":\"ImageObject\",\"inLanguage\":\"sl-SI\",\"@id\":\"https:\/\/www.midem-drustvo.si\/issues\/single-issue\/#primaryimage\",\"url\":\"https:\/\/www.midem-drustvo.si\/wp-content\/uploads\/2025\/01\/image-6.png\",\"contentUrl\":\"https:\/\/www.midem-drustvo.si\/wp-content\/uploads\/2025\/01\/image-6.png\"},{\"@type\":\"BreadcrumbList\",\"@id\":\"https:\/\/www.midem-drustvo.si\/issues\/single-issue\/#breadcrumb\",\"itemListElement\":[{\"@type\":\"ListItem\",\"position\":1,\"name\":\"MIDEM\",\"item\":\"https:\/\/www.midem-drustvo.si\/\"},{\"@type\":\"ListItem\",\"position\":2,\"name\":\"Journal\",\"item\":\"https:\/\/www.midem-drustvo.si\/category\/journal\/\"},{\"@type\":\"ListItem\",\"position\":3,\"name\":\"Issues\",\"item\":\"https:\/\/www.midem-drustvo.si\/issues\/\"},{\"@type\":\"ListItem\",\"position\":4,\"name\":\"Single Issue\"}]},{\"@type\":\"WebSite\",\"@id\":\"https:\/\/www.midem-drustvo.si\/#website\",\"url\":\"https:\/\/www.midem-drustvo.si\/\",\"name\":\"Midem\",\"description\":\"My WordPress Blog\",\"publisher\":{\"@id\":\"https:\/\/www.midem-drustvo.si\/#organization\"},\"potentialAction\":[{\"@type\":\"SearchAction\",\"target\":{\"@type\":\"EntryPoint\",\"urlTemplate\":\"https:\/\/www.midem-drustvo.si\/?s={search_term_string}\"},\"query-input\":{\"@type\":\"PropertyValueSpecification\",\"valueRequired\":true,\"valueName\":\"search_term_string\"}}],\"inLanguage\":\"sl-SI\"},{\"@type\":\"Organization\",\"@id\":\"https:\/\/www.midem-drustvo.si\/#organization\",\"name\":\"Midem\",\"url\":\"https:\/\/www.midem-drustvo.si\/\",\"logo\":{\"@type\":\"ImageObject\",\"inLanguage\":\"sl-SI\",\"@id\":\"https:\/\/www.midem-drustvo.si\/#\/schema\/logo\/image\/\",\"url\":\"https:\/\/www.midem-drustvo.si\/wp-content\/uploads\/2024\/12\/MIDEM-Logo.webp\",\"contentUrl\":\"https:\/\/www.midem-drustvo.si\/wp-content\/uploads\/2024\/12\/MIDEM-Logo.webp\",\"width\":696,\"height\":321,\"caption\":\"Midem\"},\"image\":{\"@id\":\"https:\/\/www.midem-drustvo.si\/#\/schema\/logo\/image\/\"}}]}<\/script>\n<!-- \/ Yoast SEO plugin. -->","yoast_head_json":{"title":"Single Issue - Midem","robots":{"index":"index","follow":"follow","max-snippet":"max-snippet:-1","max-image-preview":"max-image-preview:large","max-video-preview":"max-video-preview:-1"},"canonical":"https:\/\/www.midem-drustvo.si\/sl\/issues\/single-issue\/","og_locale":"sl_SI","og_type":"article","og_title":"Single Issue - Midem","og_description":"&nbsp; MIDEM JOURNAL Informacije MIDEM \u2028Vol. 54, No. 3 September 2024 ISSN 0352-9045 Articles M. B. Far, M. A. Ormanci, [&hellip;]","og_url":"https:\/\/www.midem-drustvo.si\/sl\/issues\/single-issue\/","og_site_name":"Midem","article_modified_time":"2025-02-05T20:35:24+00:00","og_image":[{"url":"https:\/\/www.midem-drustvo.si\/wp-content\/uploads\/2025\/01\/image-6.png","type":"","width":"","height":""}],"twitter_card":"summary_large_image","twitter_misc":{"Est. reading time":"1 minuta"},"schema":{"@context":"https:\/\/schema.org","@graph":[{"@type":"WebPage","@id":"https:\/\/www.midem-drustvo.si\/issues\/single-issue\/","url":"https:\/\/www.midem-drustvo.si\/issues\/single-issue\/","name":"Single Issue - Midem","isPartOf":{"@id":"https:\/\/www.midem-drustvo.si\/#website"},"primaryImageOfPage":{"@id":"https:\/\/www.midem-drustvo.si\/issues\/single-issue\/#primaryimage"},"image":{"@id":"https:\/\/www.midem-drustvo.si\/issues\/single-issue\/#primaryimage"},"thumbnailUrl":"https:\/\/www.midem-drustvo.si\/wp-content\/uploads\/2025\/01\/image-6.png","datePublished":"2025-01-24T03:44:31+00:00","dateModified":"2025-02-05T20:35:24+00:00","breadcrumb":{"@id":"https:\/\/www.midem-drustvo.si\/issues\/single-issue\/#breadcrumb"},"inLanguage":"sl-SI","potentialAction":[{"@type":"ReadAction","target":["https:\/\/www.midem-drustvo.si\/issues\/single-issue\/"]}]},{"@type":"ImageObject","inLanguage":"sl-SI","@id":"https:\/\/www.midem-drustvo.si\/issues\/single-issue\/#primaryimage","url":"https:\/\/www.midem-drustvo.si\/wp-content\/uploads\/2025\/01\/image-6.png","contentUrl":"https:\/\/www.midem-drustvo.si\/wp-content\/uploads\/2025\/01\/image-6.png"},{"@type":"BreadcrumbList","@id":"https:\/\/www.midem-drustvo.si\/issues\/single-issue\/#breadcrumb","itemListElement":[{"@type":"ListItem","position":1,"name":"MIDEM","item":"https:\/\/www.midem-drustvo.si\/"},{"@type":"ListItem","position":2,"name":"Journal","item":"https:\/\/www.midem-drustvo.si\/category\/journal\/"},{"@type":"ListItem","position":3,"name":"Issues","item":"https:\/\/www.midem-drustvo.si\/issues\/"},{"@type":"ListItem","position":4,"name":"Single Issue"}]},{"@type":"WebSite","@id":"https:\/\/www.midem-drustvo.si\/#website","url":"https:\/\/www.midem-drustvo.si\/","name":"Midem","description":"My WordPress Blog","publisher":{"@id":"https:\/\/www.midem-drustvo.si\/#organization"},"potentialAction":[{"@type":"SearchAction","target":{"@type":"EntryPoint","urlTemplate":"https:\/\/www.midem-drustvo.si\/?s={search_term_string}"},"query-input":{"@type":"PropertyValueSpecification","valueRequired":true,"valueName":"search_term_string"}}],"inLanguage":"sl-SI"},{"@type":"Organization","@id":"https:\/\/www.midem-drustvo.si\/#organization","name":"Midem","url":"https:\/\/www.midem-drustvo.si\/","logo":{"@type":"ImageObject","inLanguage":"sl-SI","@id":"https:\/\/www.midem-drustvo.si\/#\/schema\/logo\/image\/","url":"https:\/\/www.midem-drustvo.si\/wp-content\/uploads\/2024\/12\/MIDEM-Logo.webp","contentUrl":"https:\/\/www.midem-drustvo.si\/wp-content\/uploads\/2024\/12\/MIDEM-Logo.webp","width":696,"height":321,"caption":"Midem"},"image":{"@id":"https:\/\/www.midem-drustvo.si\/#\/schema\/logo\/image\/"}}]}},"_links":{"self":[{"href":"https:\/\/www.midem-drustvo.si\/sl\/wp-json\/wp\/v2\/pages\/1267","targetHints":{"allow":["GET"]}}],"collection":[{"href":"https:\/\/www.midem-drustvo.si\/sl\/wp-json\/wp\/v2\/pages"}],"about":[{"href":"https:\/\/www.midem-drustvo.si\/sl\/wp-json\/wp\/v2\/types\/page"}],"author":[{"embeddable":true,"href":"https:\/\/www.midem-drustvo.si\/sl\/wp-json\/wp\/v2\/users\/1"}],"replies":[{"embeddable":true,"href":"https:\/\/www.midem-drustvo.si\/sl\/wp-json\/wp\/v2\/comments?post=1267"}],"version-history":[{"count":20,"href":"https:\/\/www.midem-drustvo.si\/sl\/wp-json\/wp\/v2\/pages\/1267\/revisions"}],"predecessor-version":[{"id":1484,"href":"https:\/\/www.midem-drustvo.si\/sl\/wp-json\/wp\/v2\/pages\/1267\/revisions\/1484"}],"up":[{"embeddable":true,"href":"https:\/\/www.midem-drustvo.si\/sl\/wp-json\/wp\/v2\/pages\/196"}],"wp:attachment":[{"href":"https:\/\/www.midem-drustvo.si\/sl\/wp-json\/wp\/v2\/media?parent=1267"}],"wp:term":[{"taxonomy":"category","embeddable":true,"href":"https:\/\/www.midem-drustvo.si\/sl\/wp-json\/wp\/v2\/categories?post=1267"},{"taxonomy":"post_tag","embeddable":true,"href":"https:\/\/www.midem-drustvo.si\/sl\/wp-json\/wp\/v2\/tags?post=1267"}],"curies":[{"name":"wp","href":"https:\/\/api.w.org\/{rel}","templated":true}]}}