{"id":1994,"date":"2025-04-07T08:29:33","date_gmt":"2025-04-07T08:29:33","guid":{"rendered":"https:\/\/www.midem-drustvo.si\/?page_id=1994"},"modified":"2026-04-08T07:44:27","modified_gmt":"2026-04-08T07:44:27","slug":"society","status":"publish","type":"page","link":"https:\/\/www.midem-drustvo.si\/sl\/society\/","title":{"rendered":"Boards of the Midem society\u200b"},"content":{"rendered":"<div data-elementor-type=\"wp-page\" data-elementor-id=\"1994\" class=\"elementor elementor-1994\" data-elementor-post-type=\"page\">\n\t\t\t\t<div class=\"elementor-element elementor-element-1104509 e-con-full e-flex e-con e-child\" data-id=\"1104509\" data-element_type=\"container\">\n\t\t\t\t<div class=\"elementor-element elementor-element-6172c6c elementor-view-default elementor-widget elementor-widget-icon\" data-id=\"6172c6c\" data-element_type=\"widget\" data-widget_type=\"icon.default\">\n\t\t\t\t<div class=\"elementor-widget-container\">\n\t\t\t\t\t\t\t<div class=\"elementor-icon-wrapper\">\n\t\t\t<div class=\"elementor-icon\">\n\t\t\t<svg aria-hidden=\"true\" class=\"e-font-icon-svg e-fas-home\" viewbox=\"0 0 576 512\" xmlns=\"http:\/\/www.w3.org\/2000\/svg\"><path d=\"M280.37 148.26L96 300.11V464a16 16 0 0 0 16 16l112.06-.29a16 16 0 0 0 15.92-16V368a16 16 0 0 1 16-16h64a16 16 0 0 1 16 16v95.64a16 16 0 0 0 16 16.05L464 480a16 16 0 0 0 16-16V300L295.67 148.26a12.19 12.19 0 0 0-15.3 0zM571.6 251.47L488 182.56V44.05a12 12 0 0 0-12-12h-56a12 12 0 0 0-12 12v72.61L318.47 43a48 48 0 0 0-61 0L4.34 251.47a12 12 0 0 0-1.6 16.9l25.5 31A12 12 0 0 0 45.15 301l235.22-193.74a12.19 12.19 0 0 1 15.3 0L530.9 301a12 12 0 0 0 16.9-1.6l25.5-31a12 12 0 0 0-1.7-16.93z\"><\/path><\/svg>\t\t\t<\/div>\n\t\t<\/div>\n\t\t\t\t\t\t<\/div>\n\t\t\t\t<\/div>\n\t\t\t\t<div class=\"elementor-element elementor-element-3bc1809 elementor-widget elementor-widget-breadcrumbs\" data-id=\"3bc1809\" data-element_type=\"widget\" data-widget_type=\"breadcrumbs.default\">\n\t\t\t\t<div class=\"elementor-widget-container\">\n\t\t\t\t\t<p id=\"breadcrumbs\"><span><span><a href=\"https:\/\/www.midem-drustvo.si\/sl\/\">MIDEM<\/a><\/span><\/span><\/p>\t\t\t\t<\/div>\n\t\t\t\t<\/div>\n\t\t\t\t<\/div>\n\t\t<div class=\"elementor-element elementor-element-5ffbbc08 e-flex e-con-boxed e-con e-parent\" data-id=\"5ffbbc08\" data-element_type=\"container\">\n\t\t\t\t\t<div class=\"e-con-inner\">\n\t\t\t\t<div class=\"elementor-element elementor-element-5119200 elementor-widget elementor-widget-heading\" data-id=\"5119200\" data-element_type=\"widget\" data-widget_type=\"heading.default\">\n\t\t\t\t<div class=\"elementor-widget-container\">\n\t\t\t\t\t<h1 class=\"elementor-heading-title elementor-size-default\">Organi dru\u0161tva MIDEM<\/h1>\t\t\t\t<\/div>\n\t\t\t\t<\/div>\n\t\t<div class=\"elementor-element elementor-element-49bc06d e-con-full e-flex e-con e-child\" data-id=\"49bc06d\" data-element_type=\"container\" data-settings=\"{&quot;background_background&quot;:&quot;classic&quot;}\">\n\t\t\t\t<div class=\"elementor-element elementor-element-72228f5b elementor-widget elementor-widget-heading\" data-id=\"72228f5b\" data-element_type=\"widget\" data-widget_type=\"heading.default\">\n\t\t\t\t<div class=\"elementor-widget-container\">\n\t\t\t\t\t<h1 class=\"elementor-heading-title elementor-size-default\">IZVR\u0160ILNI ODBOR<\/h1>\t\t\t\t<\/div>\n\t\t\t\t<\/div>\n\t\t\t\t<div class=\"elementor-element elementor-element-36a0ddfb elementor-widget elementor-widget-heading\" data-id=\"36a0ddfb\" data-element_type=\"widget\" data-widget_type=\"heading.default\">\n\t\t\t\t<div class=\"elementor-widget-container\">\n\t\t\t\t\t<h3 class=\"elementor-heading-title elementor-size-default\">Predsednik:<\/h3>\t\t\t\t<\/div>\n\t\t\t\t<\/div>\n\t\t\t\t<div class=\"elementor-element elementor-element-2553d29a elementor-widget elementor-widget-text-editor\" data-id=\"2553d29a\" data-element_type=\"widget\" data-widget_type=\"text-editor.default\">\n\t\t\t\t<div class=\"elementor-widget-container\">\n\t\t\t\t\t\t\t\t\t<ul><li>prof. dr. Janez Kr\u010d, univ. dipl. in\u017e. el., UL - Fakulteta za elektrotehniko, Ljubljana<\/li><\/ul>\t\t\t\t\t\t\t\t<\/div>\n\t\t\t\t<\/div>\n\t\t\t\t<div class=\"elementor-element elementor-element-9676f0f elementor-widget elementor-widget-image\" data-id=\"9676f0f\" data-element_type=\"widget\" data-widget_type=\"image.default\">\n\t\t\t\t<div class=\"elementor-widget-container\">\n\t\t\t\t\t\t\t\t\t\t\t\t\t\t\t<img fetchpriority=\"high\" decoding=\"async\" width=\"224\" height=\"270\" src=\"https:\/\/www.midem-drustvo.si\/wp-content\/uploads\/2026\/04\/Janez-Krc.jpg\" class=\"attachment-full size-full wp-image-2594\" alt=\"\" srcset=\"https:\/\/www.midem-drustvo.si\/wp-content\/uploads\/2026\/04\/Janez-Krc.jpg 224w, https:\/\/www.midem-drustvo.si\/wp-content\/uploads\/2026\/04\/Janez-Krc-10x12.jpg 10w\" sizes=\"(max-width: 224px) 100vw, 224px\" \/>\t\t\t\t\t\t\t\t\t\t\t\t\t\t\t<\/div>\n\t\t\t\t<\/div>\n\t\t\t\t<div class=\"elementor-element elementor-element-501ab51d elementor-widget elementor-widget-heading\" data-id=\"501ab51d\" data-element_type=\"widget\" data-widget_type=\"heading.default\">\n\t\t\t\t<div class=\"elementor-widget-container\">\n\t\t\t\t\t<h3 class=\"elementor-heading-title elementor-size-default\">\u010castni predsednik:<\/h3>\t\t\t\t<\/div>\n\t\t\t\t<\/div>\n\t\t\t\t<div class=\"elementor-element elementor-element-6683f275 elementor-widget elementor-widget-text-editor\" data-id=\"6683f275\" data-element_type=\"widget\" data-widget_type=\"text-editor.default\">\n\t\t\t\t<div class=\"elementor-widget-container\">\n\t\t\t\t\t\t\t\t\t<ul><li>prof. dr. Marko Topi\u010d, univ. dipl. in\u017e. el., UL - Fakulteta za elektrotehniko, Ljubljana<\/li><\/ul>\t\t\t\t\t\t\t\t<\/div>\n\t\t\t\t<\/div>\n\t\t\t\t<div class=\"elementor-element elementor-element-d10f175 elementor-widget elementor-widget-image\" data-id=\"d10f175\" data-element_type=\"widget\" data-widget_type=\"image.default\">\n\t\t\t\t<div class=\"elementor-widget-container\">\n\t\t\t\t\t\t\t\t\t\t\t\t\t\t\t<img decoding=\"async\" width=\"1280\" height=\"1290\" src=\"https:\/\/www.midem-drustvo.si\/wp-content\/uploads\/2025\/04\/photo-M.Topic-AURORA-Ambassador.jpg-e1744095623506.webp\" class=\"attachment-full size-full wp-image-2011\" alt=\"\" srcset=\"https:\/\/www.midem-drustvo.si\/wp-content\/uploads\/2025\/04\/photo-M.Topic-AURORA-Ambassador.jpg-e1744095623506.webp 1280w, https:\/\/www.midem-drustvo.si\/wp-content\/uploads\/2025\/04\/photo-M.Topic-AURORA-Ambassador.jpg-e1744095623506-298x300.webp 298w, https:\/\/www.midem-drustvo.si\/wp-content\/uploads\/2025\/04\/photo-M.Topic-AURORA-Ambassador.jpg-e1744095623506-1016x1024.webp 1016w, https:\/\/www.midem-drustvo.si\/wp-content\/uploads\/2025\/04\/photo-M.Topic-AURORA-Ambassador.jpg-e1744095623506-150x150.webp 150w, https:\/\/www.midem-drustvo.si\/wp-content\/uploads\/2025\/04\/photo-M.Topic-AURORA-Ambassador.jpg-e1744095623506-768x774.webp 768w, https:\/\/www.midem-drustvo.si\/wp-content\/uploads\/2025\/04\/photo-M.Topic-AURORA-Ambassador.jpg-e1744095623506-12x12.webp 12w\" sizes=\"(max-width: 1280px) 100vw, 1280px\" \/>\t\t\t\t\t\t\t\t\t\t\t\t\t\t\t<\/div>\n\t\t\t\t<\/div>\n\t\t\t\t<div class=\"elementor-element elementor-element-156803f elementor-widget elementor-widget-heading\" data-id=\"156803f\" data-element_type=\"widget\" data-widget_type=\"heading.default\">\n\t\t\t\t<div class=\"elementor-widget-container\">\n\t\t\t\t\t<h3 class=\"elementor-heading-title elementor-size-default\">Podpredsedniki:\n<\/h3>\t\t\t\t<\/div>\n\t\t\t\t<\/div>\n\t\t\t\t<div class=\"elementor-element elementor-element-5ab54d7e elementor-widget elementor-widget-text-editor\" data-id=\"5ab54d7e\" data-element_type=\"widget\" data-widget_type=\"text-editor.default\">\n\t\t\t\t<div class=\"elementor-widget-container\">\n\t\t\t\t\t\t\t\t\t<ul><li>izr. prof. dr. Hana Ur\u0161i\u010d Nemev\u0161ek, univ. dipl. in\u017e. fiz., Institut Jo\u017eef Stefan, Ljubljana<\/li><li>Matej Slap\u0161ak, univ. dipl. in\u017e. el.,  L-TEK, \u0160entjernej<\/li><\/ul>\t\t\t\t\t\t\t\t<\/div>\n\t\t\t\t<\/div>\n\t\t\t\t<div class=\"elementor-element elementor-element-d893499 elementor-widget elementor-widget-heading\" data-id=\"d893499\" data-element_type=\"widget\" data-widget_type=\"heading.default\">\n\t\t\t\t<div class=\"elementor-widget-container\">\n\t\t\t\t\t<h3 class=\"elementor-heading-title elementor-size-default\">\u010castni \u010dlan\n<\/h3>\t\t\t\t<\/div>\n\t\t\t\t<\/div>\n\t\t\t\t<div class=\"elementor-element elementor-element-43f7e8b elementor-widget elementor-widget-text-editor\" data-id=\"43f7e8b\" data-element_type=\"widget\" data-widget_type=\"text-editor.default\">\n\t\t\t\t<div class=\"elementor-widget-container\">\n\t\t\t\t\t\t\t\t\t<ul><li>prof. dr. Janez Trontelj, univ.dipl.in\u017e.el., UL - Fakulteta za elektrotehniko, Ljubljana<\/li><\/ul>\t\t\t\t\t\t\t\t<\/div>\n\t\t\t\t<\/div>\n\t\t\t\t<div class=\"elementor-element elementor-element-5d537e08 elementor-widget elementor-widget-heading\" data-id=\"5d537e08\" data-element_type=\"widget\" data-widget_type=\"heading.default\">\n\t\t\t\t<div class=\"elementor-widget-container\">\n\t\t\t\t\t<h3 class=\"elementor-heading-title elementor-size-default\">Sekretarka:\n<\/h3>\t\t\t\t<\/div>\n\t\t\t\t<\/div>\n\t\t\t\t<div class=\"elementor-element elementor-element-196cc8e4 elementor-widget elementor-widget-text-editor\" data-id=\"196cc8e4\" data-element_type=\"widget\" data-widget_type=\"text-editor.default\">\n\t\t\t\t<div class=\"elementor-widget-container\">\n\t\t\t\t\t\t\t\t\t<ul><li>Olga Zakraj\u0161ek, UL - Fakulteta za elektrotehniko, Ljubljana<\/li><\/ul>\t\t\t\t\t\t\t\t<\/div>\n\t\t\t\t<\/div>\n\t\t\t\t<div class=\"elementor-element elementor-element-4ad21ec7 elementor-widget elementor-widget-heading\" data-id=\"4ad21ec7\" data-element_type=\"widget\" data-widget_type=\"heading.default\">\n\t\t\t\t<div class=\"elementor-widget-container\">\n\t\t\t\t\t<h3 class=\"elementor-heading-title elementor-size-default\">\u010clani:<\/h3>\t\t\t\t<\/div>\n\t\t\t\t<\/div>\n\t\t\t\t<div class=\"elementor-element elementor-element-24a302a4 elementor-widget elementor-widget-text-editor\" data-id=\"24a302a4\" data-element_type=\"widget\" data-widget_type=\"text-editor.default\">\n\t\t\t\t<div class=\"elementor-widget-container\">\n\t\t\t\t\t\t\t\t\t<ul><li>prof. ddr. Denis \u0110onlagi\u0107, univ.dipl.in\u017e.el., UM - Fakulteta za elektrotehniko in ra\u010dunalni\u0161tvo, Maribor<\/li><li>prof. dr. Vera Gradi\u0161nik, univ.dipl.in\u017e.el., Tehni\u010dki fakultet Sveu\u010dili\u0161ta u Rijeci, Rijeka, Hrva\u0161ka<\/li><li>prof. dr. Uro\u0161 Cvelbar, univ. dipl. in\u017e. fiz., Institut Jo\u017eef Stefan, Ljubljana<\/li><li>izr. prof. dr. Jurij Koruza, univ. dipl. ing. metal. mater., Technical University Graz, Avstrija<\/li><li>izr. prof. dr. Danjela Ku\u0161\u010der Hrovatin, univ. dipl. in\u017e. kem. teh.,  Institut Jo\u017eef Stefan, Ljubljana<\/li><li>dr. Kostja Makarovi\u010d, univ. dipl. kemik,  KEKO Equipment, \u017du\u017eemberk<\/li><li>izr. prof. dr. Matej Mo\u017eek, univ. dipl. in\u017e. el. UL - Fakulteta za elektrotehniko, Ljubljana<\/li><li>dr. Matejka Podlogar, univ. dipl. kem., Institut Jo\u017eef Stefan, Ljubljana<\/li><li>izr. prof. dr. Gregor Primc, univ. dipl. in\u017e. el., Institut Jo\u017eef Stefan, Ljubljana<\/li><li>mag. Gorazd Vrabi\u010d, univ. dipl. in\u017e. el.  ETI Elektroelement, Izlake<\/li><\/ul>\t\t\t\t\t\t\t\t<\/div>\n\t\t\t\t<\/div>\n\t\t<div class=\"elementor-element elementor-element-4b5167f e-con-full e-flex e-con e-child\" data-id=\"4b5167f\" data-element_type=\"container\">\n\t\t\t\t<\/div>\n\t\t\t\t<\/div>\n\t\t\t\t\t<\/div>\n\t\t\t\t<\/div>\n\t\t<div class=\"elementor-element elementor-element-5f8e1ae e-flex e-con-boxed e-con e-parent\" data-id=\"5f8e1ae\" data-element_type=\"container\">\n\t\t\t\t\t<div class=\"e-con-inner\">\n\t\t<div class=\"elementor-element elementor-element-d90acbb e-con-full e-flex e-con e-child\" data-id=\"d90acbb\" data-element_type=\"container\" data-settings=\"{&quot;background_background&quot;:&quot;classic&quot;}\">\n\t\t\t\t<div class=\"elementor-element elementor-element-57f55f2 elementor-widget elementor-widget-heading\" data-id=\"57f55f2\" data-element_type=\"widget\" data-widget_type=\"heading.default\">\n\t\t\t\t<div class=\"elementor-widget-container\">\n\t\t\t\t\t<h1 class=\"elementor-heading-title elementor-size-default\">NADZORNI ODBOR<\/h1>\t\t\t\t<\/div>\n\t\t\t\t<\/div>\n\t\t\t\t<div class=\"elementor-element elementor-element-61e71ea1 elementor-widget elementor-widget-text-editor\" data-id=\"61e71ea1\" data-element_type=\"widget\" data-widget_type=\"text-editor.default\">\n\t\t\t\t<div class=\"elementor-widget-container\">\n\t\t\t\t\t\t\t\t\t<ul><li>znan. svet. dr. Drago Resnik, univ. dipl. in\u017e. el. UL - upokojenec , Ljubljana<\/li><li>prof. dr. Franc Smole, univ. dipl. in\u017e. el., upokojenec<\/li><li>prof. dr. Drago Strle, univ. dipl. in\u017e. el., UL - Fakulteta za elektrotehniko, Ljubljana<\/li><\/ul>\t\t\t\t\t\t\t\t<\/div>\n\t\t\t\t<\/div>\n\t\t\t\t<\/div>\n\t\t<div class=\"elementor-element elementor-element-79069b7 e-con-full e-flex e-con e-child\" data-id=\"79069b7\" data-element_type=\"container\" data-settings=\"{&quot;background_background&quot;:&quot;classic&quot;}\">\n\t\t\t\t<div class=\"elementor-element elementor-element-46e68600 elementor-widget elementor-widget-heading\" data-id=\"46e68600\" data-element_type=\"widget\" data-widget_type=\"heading.default\">\n\t\t\t\t<div class=\"elementor-widget-container\">\n\t\t\t\t\t<h1 class=\"elementor-heading-title elementor-size-default\">\u010cASTNO SODI\u0160\u010cE\n\n<\/h1>\t\t\t\t<\/div>\n\t\t\t\t<\/div>\n\t\t\t\t<div class=\"elementor-element elementor-element-750f932d elementor-widget elementor-widget-text-editor\" data-id=\"750f932d\" data-element_type=\"widget\" data-widget_type=\"text-editor.default\">\n\t\t\t\t<div class=\"elementor-widget-container\">\n\t\t\t\t\t\t\t\t\t<ul><li>Darko Belavi\u010d, univ. dipl. in\u017e. el., upokojenec<\/li><li>prof. dr. Barbara Mali\u010d, univ. dipl. in\u017e. kem., Institut Jo\u017eef Stefan,<\/li><li>znan. svet. dr. Danilo Vrta\u010dnik, univ. dipl. in\u017e. el. UL - Fakulteta za elektrotehniko, Ljubljana<\/li><\/ul>\t\t\t\t\t\t\t\t<\/div>\n\t\t\t\t<\/div>\n\t\t\t\t<\/div>\n\t\t\t\t\t<\/div>\n\t\t\t\t<\/div>\n\t\t\t\t<\/div>","protected":false},"excerpt":{"rendered":"<p>Boards of the Midem society EXECUTIVE BOARD President: Prof. Dr. Janez Kr\u010d, University of Ljubljana, Faculty of Electrical Engineering, Slovenia [&hellip;]<\/p>","protected":false},"author":1,"featured_media":0,"parent":0,"menu_order":0,"comment_status":"closed","ping_status":"closed","template":"elementor_header_footer","meta":{"site-sidebar-layout":"no-sidebar","site-content-layout":"","ast-site-content-layout":"full-width-container","site-content-style":"default","site-sidebar-style":"default","ast-global-header-display":"","ast-banner-title-visibility":"","ast-main-header-display":"","ast-hfb-above-header-display":"","ast-hfb-below-header-display":"","ast-hfb-mobile-header-display":"","site-post-title":"disabled","ast-breadcrumbs-content":"","ast-featured-img":"disabled","footer-sml-layout":"","theme-transparent-header-meta":"default","adv-header-id-meta":"","stick-header-meta":"","header-above-stick-meta":"","header-main-stick-meta":"","header-below-stick-meta":"","astra-migrate-meta-layouts":"set","ast-page-background-enabled":"default","ast-page-background-meta":{"desktop":{"background-color":"var(--ast-global-color-4)","background-image":"","background-repeat":"repeat","background-position":"center center","background-size":"auto","background-attachment":"scroll","background-type":"","background-media":"","overlay-type":"","overlay-color":"","overlay-opacity":"","overlay-gradient":""},"tablet":{"background-color":"","background-image":"","background-repeat":"repeat","background-position":"center center","background-size":"auto","background-attachment":"scroll","background-type":"","background-media":"","overlay-type":"","overlay-color":"","overlay-opacity":"","overlay-gradient":""},"mobile":{"background-color":"","background-image":"","background-repeat":"repeat","background-position":"center center","background-size":"auto","background-attachment":"scroll","background-type":"","background-media":"","overlay-type":"","overlay-color":"","overlay-opacity":"","overlay-gradient":""}},"ast-content-background-meta":{"desktop":{"background-color":"var(--ast-global-color-5)","background-image":"","background-repeat":"repeat","background-position":"center center","background-size":"auto","background-attachment":"scroll","background-type":"","background-media":"","overlay-type":"","overlay-color":"","overlay-opacity":"","overlay-gradient":""},"tablet":{"background-color":"var(--ast-global-color-5)","background-image":"","background-repeat":"repeat","background-position":"center center","background-size":"auto","background-attachment":"scroll","background-type":"","background-media":"","overlay-type":"","overlay-color":"","overlay-opacity":"","overlay-gradient":""},"mobile":{"background-color":"var(--ast-global-color-5)","background-image":"","background-repeat":"repeat","background-position":"center center","background-size":"auto","background-attachment":"scroll","background-type":"","background-media":"","overlay-type":"","overlay-color":"","overlay-opacity":"","overlay-gradient":""}},"footnotes":""},"categories":[16],"tags":[],"class_list":["post-1994","page","type-page","status-publish","hentry","category-society"],"yoast_head":"<!-- This site is optimized with the Yoast SEO plugin v24.2 - https:\/\/yoast.com\/wordpress\/plugins\/seo\/ -->\n<title>Boards of the Midem society\u200b - Midem<\/title>\n<meta name=\"robots\" content=\"index, follow, max-snippet:-1, max-image-preview:large, max-video-preview:-1\" \/>\n<link rel=\"canonical\" href=\"https:\/\/www.midem-drustvo.si\/sl\/society\/\" \/>\n<meta property=\"og:locale\" content=\"sl_SI\" \/>\n<meta property=\"og:type\" content=\"article\" \/>\n<meta property=\"og:title\" content=\"Boards of the Midem society\u200b - Midem\" \/>\n<meta property=\"og:description\" content=\"Boards of the Midem society EXECUTIVE BOARD President: Prof. Dr. Janez Kr\u010d, University of Ljubljana, Faculty of Electrical Engineering, Slovenia [&hellip;]\" \/>\n<meta property=\"og:url\" content=\"https:\/\/www.midem-drustvo.si\/sl\/society\/\" \/>\n<meta property=\"og:site_name\" content=\"Midem\" \/>\n<meta property=\"article:modified_time\" content=\"2026-04-08T07:44:27+00:00\" \/>\n<meta property=\"og:image\" content=\"https:\/\/www.midem-drustvo.si\/wp-content\/uploads\/2026\/04\/Janez-Krc.jpg\" \/>\n\t<meta property=\"og:image:width\" content=\"224\" \/>\n\t<meta property=\"og:image:height\" content=\"270\" \/>\n\t<meta property=\"og:image:type\" content=\"image\/jpeg\" \/>\n<meta name=\"twitter:card\" content=\"summary_large_image\" \/>\n<meta name=\"twitter:label1\" content=\"Est. reading time\" \/>\n\t<meta name=\"twitter:data1\" content=\"2 minuti\" \/>\n<script type=\"application\/ld+json\" class=\"yoast-schema-graph\">{\"@context\":\"https:\/\/schema.org\",\"@graph\":[{\"@type\":\"WebPage\",\"@id\":\"https:\/\/www.midem-drustvo.si\/society\/\",\"url\":\"https:\/\/www.midem-drustvo.si\/society\/\",\"name\":\"Boards of the Midem society\u200b - Midem\",\"isPartOf\":{\"@id\":\"https:\/\/www.midem-drustvo.si\/#website\"},\"primaryImageOfPage\":{\"@id\":\"https:\/\/www.midem-drustvo.si\/society\/#primaryimage\"},\"image\":{\"@id\":\"https:\/\/www.midem-drustvo.si\/society\/#primaryimage\"},\"thumbnailUrl\":\"https:\/\/www.midem-drustvo.si\/wp-content\/uploads\/2026\/04\/Janez-Krc.jpg\",\"datePublished\":\"2025-04-07T08:29:33+00:00\",\"dateModified\":\"2026-04-08T07:44:27+00:00\",\"breadcrumb\":{\"@id\":\"https:\/\/www.midem-drustvo.si\/society\/#breadcrumb\"},\"inLanguage\":\"sl-SI\",\"potentialAction\":[{\"@type\":\"ReadAction\",\"target\":[\"https:\/\/www.midem-drustvo.si\/society\/\"]}]},{\"@type\":\"ImageObject\",\"inLanguage\":\"sl-SI\",\"@id\":\"https:\/\/www.midem-drustvo.si\/society\/#primaryimage\",\"url\":\"https:\/\/www.midem-drustvo.si\/wp-content\/uploads\/2026\/04\/Janez-Krc.jpg\",\"contentUrl\":\"https:\/\/www.midem-drustvo.si\/wp-content\/uploads\/2026\/04\/Janez-Krc.jpg\"},{\"@type\":\"BreadcrumbList\",\"@id\":\"https:\/\/www.midem-drustvo.si\/society\/#breadcrumb\",\"itemListElement\":[{\"@type\":\"ListItem\",\"position\":1,\"name\":\"MIDEM\",\"item\":\"https:\/\/www.midem-drustvo.si\/\"},{\"@type\":\"ListItem\",\"position\":2,\"name\":\"Society\",\"item\":\"https:\/\/www.midem-drustvo.si\/category\/society\/\"},{\"@type\":\"ListItem\",\"position\":3,\"name\":\"Boards of the Midem society\u200b\"}]},{\"@type\":\"WebSite\",\"@id\":\"https:\/\/www.midem-drustvo.si\/#website\",\"url\":\"https:\/\/www.midem-drustvo.si\/\",\"name\":\"Midem\",\"description\":\"My WordPress Blog\",\"publisher\":{\"@id\":\"https:\/\/www.midem-drustvo.si\/#organization\"},\"potentialAction\":[{\"@type\":\"SearchAction\",\"target\":{\"@type\":\"EntryPoint\",\"urlTemplate\":\"https:\/\/www.midem-drustvo.si\/?s={search_term_string}\"},\"query-input\":{\"@type\":\"PropertyValueSpecification\",\"valueRequired\":true,\"valueName\":\"search_term_string\"}}],\"inLanguage\":\"sl-SI\"},{\"@type\":\"Organization\",\"@id\":\"https:\/\/www.midem-drustvo.si\/#organization\",\"name\":\"Midem\",\"url\":\"https:\/\/www.midem-drustvo.si\/\",\"logo\":{\"@type\":\"ImageObject\",\"inLanguage\":\"sl-SI\",\"@id\":\"https:\/\/www.midem-drustvo.si\/#\/schema\/logo\/image\/\",\"url\":\"https:\/\/www.midem-drustvo.si\/wp-content\/uploads\/2024\/12\/MIDEM-Logo.webp\",\"contentUrl\":\"https:\/\/www.midem-drustvo.si\/wp-content\/uploads\/2024\/12\/MIDEM-Logo.webp\",\"width\":696,\"height\":321,\"caption\":\"Midem\"},\"image\":{\"@id\":\"https:\/\/www.midem-drustvo.si\/#\/schema\/logo\/image\/\"}}]}<\/script>\n<!-- \/ Yoast SEO plugin. -->","yoast_head_json":{"title":"Boards of the Midem society\u200b - Midem","robots":{"index":"index","follow":"follow","max-snippet":"max-snippet:-1","max-image-preview":"max-image-preview:large","max-video-preview":"max-video-preview:-1"},"canonical":"https:\/\/www.midem-drustvo.si\/sl\/society\/","og_locale":"sl_SI","og_type":"article","og_title":"Boards of the Midem society\u200b - Midem","og_description":"Boards of the Midem society EXECUTIVE BOARD President: Prof. Dr. Janez Kr\u010d, University of Ljubljana, Faculty of Electrical Engineering, Slovenia [&hellip;]","og_url":"https:\/\/www.midem-drustvo.si\/sl\/society\/","og_site_name":"Midem","article_modified_time":"2026-04-08T07:44:27+00:00","og_image":[{"width":224,"height":270,"url":"https:\/\/www.midem-drustvo.si\/wp-content\/uploads\/2026\/04\/Janez-Krc.jpg","type":"image\/jpeg"}],"twitter_card":"summary_large_image","twitter_misc":{"Est. reading time":"2 minuti"},"schema":{"@context":"https:\/\/schema.org","@graph":[{"@type":"WebPage","@id":"https:\/\/www.midem-drustvo.si\/society\/","url":"https:\/\/www.midem-drustvo.si\/society\/","name":"Boards of the Midem society\u200b - Midem","isPartOf":{"@id":"https:\/\/www.midem-drustvo.si\/#website"},"primaryImageOfPage":{"@id":"https:\/\/www.midem-drustvo.si\/society\/#primaryimage"},"image":{"@id":"https:\/\/www.midem-drustvo.si\/society\/#primaryimage"},"thumbnailUrl":"https:\/\/www.midem-drustvo.si\/wp-content\/uploads\/2026\/04\/Janez-Krc.jpg","datePublished":"2025-04-07T08:29:33+00:00","dateModified":"2026-04-08T07:44:27+00:00","breadcrumb":{"@id":"https:\/\/www.midem-drustvo.si\/society\/#breadcrumb"},"inLanguage":"sl-SI","potentialAction":[{"@type":"ReadAction","target":["https:\/\/www.midem-drustvo.si\/society\/"]}]},{"@type":"ImageObject","inLanguage":"sl-SI","@id":"https:\/\/www.midem-drustvo.si\/society\/#primaryimage","url":"https:\/\/www.midem-drustvo.si\/wp-content\/uploads\/2026\/04\/Janez-Krc.jpg","contentUrl":"https:\/\/www.midem-drustvo.si\/wp-content\/uploads\/2026\/04\/Janez-Krc.jpg"},{"@type":"BreadcrumbList","@id":"https:\/\/www.midem-drustvo.si\/society\/#breadcrumb","itemListElement":[{"@type":"ListItem","position":1,"name":"MIDEM","item":"https:\/\/www.midem-drustvo.si\/"},{"@type":"ListItem","position":2,"name":"Society","item":"https:\/\/www.midem-drustvo.si\/category\/society\/"},{"@type":"ListItem","position":3,"name":"Boards of the Midem society\u200b"}]},{"@type":"WebSite","@id":"https:\/\/www.midem-drustvo.si\/#website","url":"https:\/\/www.midem-drustvo.si\/","name":"Midem","description":"My WordPress Blog","publisher":{"@id":"https:\/\/www.midem-drustvo.si\/#organization"},"potentialAction":[{"@type":"SearchAction","target":{"@type":"EntryPoint","urlTemplate":"https:\/\/www.midem-drustvo.si\/?s={search_term_string}"},"query-input":{"@type":"PropertyValueSpecification","valueRequired":true,"valueName":"search_term_string"}}],"inLanguage":"sl-SI"},{"@type":"Organization","@id":"https:\/\/www.midem-drustvo.si\/#organization","name":"Midem","url":"https:\/\/www.midem-drustvo.si\/","logo":{"@type":"ImageObject","inLanguage":"sl-SI","@id":"https:\/\/www.midem-drustvo.si\/#\/schema\/logo\/image\/","url":"https:\/\/www.midem-drustvo.si\/wp-content\/uploads\/2024\/12\/MIDEM-Logo.webp","contentUrl":"https:\/\/www.midem-drustvo.si\/wp-content\/uploads\/2024\/12\/MIDEM-Logo.webp","width":696,"height":321,"caption":"Midem"},"image":{"@id":"https:\/\/www.midem-drustvo.si\/#\/schema\/logo\/image\/"}}]}},"_links":{"self":[{"href":"https:\/\/www.midem-drustvo.si\/sl\/wp-json\/wp\/v2\/pages\/1994","targetHints":{"allow":["GET"]}}],"collection":[{"href":"https:\/\/www.midem-drustvo.si\/sl\/wp-json\/wp\/v2\/pages"}],"about":[{"href":"https:\/\/www.midem-drustvo.si\/sl\/wp-json\/wp\/v2\/types\/page"}],"author":[{"embeddable":true,"href":"https:\/\/www.midem-drustvo.si\/sl\/wp-json\/wp\/v2\/users\/1"}],"replies":[{"embeddable":true,"href":"https:\/\/www.midem-drustvo.si\/sl\/wp-json\/wp\/v2\/comments?post=1994"}],"version-history":[{"count":5,"href":"https:\/\/www.midem-drustvo.si\/sl\/wp-json\/wp\/v2\/pages\/1994\/revisions"}],"predecessor-version":[{"id":2606,"href":"https:\/\/www.midem-drustvo.si\/sl\/wp-json\/wp\/v2\/pages\/1994\/revisions\/2606"}],"wp:attachment":[{"href":"https:\/\/www.midem-drustvo.si\/sl\/wp-json\/wp\/v2\/media?parent=1994"}],"wp:term":[{"taxonomy":"category","embeddable":true,"href":"https:\/\/www.midem-drustvo.si\/sl\/wp-json\/wp\/v2\/categories?post=1994"},{"taxonomy":"post_tag","embeddable":true,"href":"https:\/\/www.midem-drustvo.si\/sl\/wp-json\/wp\/v2\/tags?post=1994"}],"curies":[{"name":"wp","href":"https:\/\/api.w.org\/{rel}","templated":true}]}}